{"id":1559,"date":"2021-10-04T16:36:27","date_gmt":"2021-10-04T14:36:27","guid":{"rendered":"https:\/\/www.escape-elearning.eu\/materiel-technique\/"},"modified":"2023-05-23T11:14:22","modified_gmt":"2023-05-23T09:14:22","slug":"materiel-technique","status":"publish","type":"page","link":"https:\/\/www.escape-elearning.eu\/fr\/materiel-technique\/","title":{"rendered":"Mat\u00e9riel technique"},"content":{"rendered":"\t\t<div data-elementor-type=\"wp-page\" data-elementor-id=\"1559\" class=\"elementor elementor-1559 elementor-36\">\n\t\t\t\t\t\t\t\t\t<section class=\"elementor-section elementor-top-section elementor-element elementor-element-279a04ef elementor-section-boxed elementor-section-height-default elementor-section-height-default\" data-id=\"279a04ef\" data-element_type=\"section\">\n\t\t\t\t\t\t<div class=\"elementor-container elementor-column-gap-default\">\n\t\t\t\t\t<div class=\"elementor-column elementor-col-100 elementor-top-column elementor-element elementor-element-6d704273\" data-id=\"6d704273\" data-element_type=\"column\">\n\t\t\t<div class=\"elementor-widget-wrap elementor-element-populated\">\n\t\t\t\t\t\t\t\t<div class=\"elementor-element elementor-element-48336903 elementor-widget elementor-widget-text-editor\" data-id=\"48336903\" data-element_type=\"widget\" data-widget_type=\"text-editor.default\">\n\t\t\t\t<div class=\"elementor-widget-container\">\n\t\t\t<style>\/*! elementor - v3.12.2 - 23-04-2023 *\/\n.elementor-widget-text-editor.elementor-drop-cap-view-stacked .elementor-drop-cap{background-color:#69727d;color:#fff}.elementor-widget-text-editor.elementor-drop-cap-view-framed .elementor-drop-cap{color:#69727d;border:3px solid;background-color:transparent}.elementor-widget-text-editor:not(.elementor-drop-cap-view-default) .elementor-drop-cap{margin-top:8px}.elementor-widget-text-editor:not(.elementor-drop-cap-view-default) .elementor-drop-cap-letter{width:1em;height:1em}.elementor-widget-text-editor .elementor-drop-cap{float:left;text-align:center;line-height:1;font-size:50px}.elementor-widget-text-editor .elementor-drop-cap-letter{display:inline-block}<\/style>\t\t\t\t<div class=\"wp-block-columns\"><div class=\"wp-block-column has-background\" style=\"background-color: #f3f3f3; padding-right: 20px; padding-left: 20px;\"><h6><br \/>Veuillez vous connecter pour voir ce contenu.<br \/><br \/><!-- removed without login --><\/h6><\/div><div class=\"wp-block-column\" style=\"padding-left: 20px;\"><h3>Downloads<\/h3><!-- removed without login --><br \/>La zone de t\u00e9l\u00e9chargement sera lib\u00e9r\u00e9e imm\u00e9diatement apr\u00e8s votre inscription. L&rsquo;inscription, la connexion, le t\u00e9l\u00e9chargement et l&rsquo;utilisation de tout le mat\u00e9riel de cette plateforme ESCAPE sont gratuits. Aucune donn\u00e9e personnelle ne sera partag\u00e9e ou publi\u00e9e.<\/p><p>Les informations que nous recueillons lors de l&rsquo;inscription sont utilis\u00e9es pour documenter l&rsquo;avancement du projet et pour vous informer des mises \u00e0 jour importantes de nos mat\u00e9riels. Nous n&rsquo;envoyons pas de bulletins d&rsquo;information r\u00e9guliers.<\/p><p>Vous avez le droit de faire supprimer vos informations de connexion \u00e0 tout moment. Pour ce faire, il vous suffit de contacter l&rsquo;\u00e9quipe ESCAPE \u00e0 l&rsquo;adresse escape@europe-unlimited.org.<\/p><p><\/div><\/div>\t\t\t\t\t\t<\/div>\n\t\t\t\t<\/div>\n\t\t\t\t<section class=\"elementor-section elementor-inner-section elementor-element elementor-element-e041b98 elementor-section-boxed elementor-section-height-default elementor-section-height-default\" data-id=\"e041b98\" data-element_type=\"section\">\n\t\t\t\t\t\t<div class=\"elementor-container elementor-column-gap-default\">\n\t\t\t\t\t<div class=\"elementor-column elementor-col-25 elementor-inner-column elementor-element elementor-element-5a29fd3\" data-id=\"5a29fd3\" data-element_type=\"column\">\n\t\t\t<div class=\"elementor-widget-wrap elementor-element-populated\">\n\t\t\t\t\t\t\t\t<div class=\"elementor-element elementor-element-7dbedb8 elementor-widget elementor-widget-image\" data-id=\"7dbedb8\" data-element_type=\"widget\" data-widget_type=\"image.default\">\n\t\t\t\t<div class=\"elementor-widget-container\">\n\t\t\t<style>\/*! elementor - v3.12.2 - 23-04-2023 *\/\n.elementor-widget-image{text-align:center}.elementor-widget-image a{display:inline-block}.elementor-widget-image a img[src$=\".svg\"]{width:48px}.elementor-widget-image img{vertical-align:middle;display:inline-block}<\/style>\t\t\t\t\t\t\t\t\t\t\t\t<img loading=\"lazy\" decoding=\"async\" width=\"378\" height=\"133\" src=\"https:\/\/www.escape-elearning.eu\/wp-content\/uploads\/2023\/05\/Logo_CC-1.png\" class=\"attachment-full size-full wp-image-2140\" alt=\"\" srcset=\"https:\/\/www.escape-elearning.eu\/wp-content\/uploads\/2023\/05\/Logo_CC-1.png 378w, https:\/\/www.escape-elearning.eu\/wp-content\/uploads\/2023\/05\/Logo_CC-1-300x106.png 300w\" sizes=\"auto, (max-width: 378px) 100vw, 378px\" \/>\t\t\t\t\t\t\t\t\t\t\t\t\t\t\t<\/div>\n\t\t\t\t<\/div>\n\t\t\t\t\t<\/div>\n\t\t<\/div>\n\t\t\t\t<div class=\"elementor-column elementor-col-25 elementor-inner-column elementor-element elementor-element-fea92bb\" data-id=\"fea92bb\" data-element_type=\"column\">\n\t\t\t<div class=\"elementor-widget-wrap elementor-element-populated\">\n\t\t\t\t\t\t\t\t<div class=\"elementor-element elementor-element-aad46a5 elementor-widget elementor-widget-text-editor\" data-id=\"aad46a5\" data-element_type=\"widget\" data-widget_type=\"text-editor.default\">\n\t\t\t\t<div class=\"elementor-widget-container\">\n\t\t\t\t\t\t\t<p class=\"MsoNormal\"><span lang=\"EN-US\">Attribution-ShareAlike 4.0 International<br>(CC BY-SA 4.0)\n<\/span><\/p>\n\t\t\t\t\t\t<\/div>\n\t\t\t\t<\/div>\n\t\t\t\t\t<\/div>\n\t\t<\/div>\n\t\t\t\t<div class=\"elementor-column elementor-col-25 elementor-inner-column elementor-element elementor-element-37135ec\" data-id=\"37135ec\" data-element_type=\"column\">\n\t\t\t<div class=\"elementor-widget-wrap\">\n\t\t\t\t\t\t\t\t\t<\/div>\n\t\t<\/div>\n\t\t\t\t<div class=\"elementor-column elementor-col-25 elementor-inner-column elementor-element elementor-element-5cfca18\" data-id=\"5cfca18\" data-element_type=\"column\">\n\t\t\t<div class=\"elementor-widget-wrap\">\n\t\t\t\t\t\t\t\t\t<\/div>\n\t\t<\/div>\n\t\t\t\t\t\t\t<\/div>\n\t\t<\/section>\n\t\t\t\t\t<\/div>\n\t\t<\/div>\n\t\t\t\t\t\t\t<\/div>\n\t\t<\/section>\n\t\t\t\t\t\t\t<\/div>\n\t\t","protected":false},"excerpt":{"rendered":"<p>Downloads Attribution-ShareAlike 4.0 International(CC BY-SA 4.0)<\/p>\n","protected":false},"author":1,"featured_media":0,"parent":0,"menu_order":3,"comment_status":"closed","ping_status":"closed","template":"","meta":{"footnotes":""},"class_list":["post-1559","page","type-page","status-publish","hentry"],"_links":{"self":[{"href":"https:\/\/www.escape-elearning.eu\/fr\/wp-json\/wp\/v2\/pages\/1559","targetHints":{"allow":["GET"]}}],"collection":[{"href":"https:\/\/www.escape-elearning.eu\/fr\/wp-json\/wp\/v2\/pages"}],"about":[{"href":"https:\/\/www.escape-elearning.eu\/fr\/wp-json\/wp\/v2\/types\/page"}],"author":[{"embeddable":true,"href":"https:\/\/www.escape-elearning.eu\/fr\/wp-json\/wp\/v2\/users\/1"}],"replies":[{"embeddable":true,"href":"https:\/\/www.escape-elearning.eu\/fr\/wp-json\/wp\/v2\/comments?post=1559"}],"version-history":[{"count":10,"href":"https:\/\/www.escape-elearning.eu\/fr\/wp-json\/wp\/v2\/pages\/1559\/revisions"}],"predecessor-version":[{"id":2343,"href":"https:\/\/www.escape-elearning.eu\/fr\/wp-json\/wp\/v2\/pages\/1559\/revisions\/2343"}],"wp:attachment":[{"href":"https:\/\/www.escape-elearning.eu\/fr\/wp-json\/wp\/v2\/media?parent=1559"}],"curies":[{"name":"wp","href":"https:\/\/api.w.org\/{rel}","templated":true}]}}