{"id":1938,"date":"2021-09-24T16:52:03","date_gmt":"2021-09-24T14:52:03","guid":{"rendered":"https:\/\/www.escape-elearning.eu\/protection-des-donnees\/"},"modified":"2023-05-05T09:41:45","modified_gmt":"2023-05-05T07:41:45","slug":"protection-des-donnees","status":"publish","type":"page","link":"https:\/\/www.escape-elearning.eu\/fr\/protection-des-donnees\/","title":{"rendered":"Protection des donn\u00e9es"},"content":{"rendered":"\t\t<div data-elementor-type=\"wp-page\" data-elementor-id=\"1938\" class=\"elementor elementor-1938 elementor-46\">\n\t\t\t\t\t\t\t\t\t<section class=\"elementor-section elementor-top-section elementor-element elementor-element-4691c1ca elementor-section-boxed elementor-section-height-default elementor-section-height-default\" data-id=\"4691c1ca\" data-element_type=\"section\">\n\t\t\t\t\t\t<div class=\"elementor-container elementor-column-gap-default\">\n\t\t\t\t\t<div class=\"elementor-column elementor-col-100 elementor-top-column elementor-element elementor-element-4f45cd2b\" data-id=\"4f45cd2b\" data-element_type=\"column\">\n\t\t\t<div class=\"elementor-widget-wrap elementor-element-populated\">\n\t\t\t\t\t\t\t\t<div class=\"elementor-element elementor-element-6a10d3c elementor-widget elementor-widget-text-editor\" data-id=\"6a10d3c\" data-element_type=\"widget\" data-widget_type=\"text-editor.default\">\n\t\t\t\t<div class=\"elementor-widget-container\">\n\t\t\t<style>\/*! elementor - v3.12.2 - 23-04-2023 *\/\n.elementor-widget-text-editor.elementor-drop-cap-view-stacked .elementor-drop-cap{background-color:#69727d;color:#fff}.elementor-widget-text-editor.elementor-drop-cap-view-framed .elementor-drop-cap{color:#69727d;border:3px solid;background-color:transparent}.elementor-widget-text-editor:not(.elementor-drop-cap-view-default) .elementor-drop-cap{margin-top:8px}.elementor-widget-text-editor:not(.elementor-drop-cap-view-default) .elementor-drop-cap-letter{width:1em;height:1em}.elementor-widget-text-editor .elementor-drop-cap{float:left;text-align:center;line-height:1;font-size:50px}.elementor-widget-text-editor .elementor-drop-cap-letter{display:inline-block}<\/style>\t\t\t\t<h2>Protection des donn\u00e9es<\/h2><p>Les exploitants de ces pages prennent la protection de vos donn\u00e9es personnelles tr\u00e8s au s\u00e9rieux. Nous traitons vos donn\u00e9es personnelles<br \/>de mani\u00e8re confidentielle et conform\u00e9ment aux dispositions l\u00e9gales en mati\u00e8re de protection des donn\u00e9es et \u00e0 la pr\u00e9sente d\u00e9claration de protection des donn\u00e9es.<\/p><p>En r\u00e8gle g\u00e9n\u00e9rale, l&rsquo;utilisation de notre site web est possible sans indication de donn\u00e9es personnelles. Dans la mesure o\u00f9 nos pages contiennent des donn\u00e9es personnelles<br \/>(par exemple nom, adresse ou adresses e-mail) sont collect\u00e9es, cela se fait toujours, dans la mesure du possible, sur une base volontaire. Ces donn\u00e9es ne sont pas transmises \u00e0 des tiers sans votre accord explicite.<\/p><p>Nous attirons votre attention sur le fait que la transmission de donn\u00e9es sur Internet (par ex. lors de la communication par e-mail) peut pr\u00e9senter des failles de s\u00e9curit\u00e9. Une protection compl\u00e8te des donn\u00e9es contre l&rsquo;acc\u00e8s par des tiers n&rsquo;est pas possible.<\/p><h2>Cookies<\/h2><p>Les pages Internet utilisent en partie ce que l&rsquo;on appelle des cookies. Les cookies n&rsquo;endommagent pas votre ordinateur et ne contiennent pas de virus. Les cookies servent \u00e0 rendre notre offre plus conviviale, plus efficace et plus s\u00fbre. Les cookies sont de petits fichiers texte qui sont d\u00e9pos\u00e9s sur votre ordinateur et que votre navigateur enregistre.<\/p><p>La plupart des cookies que nous utilisons sont des \u00ab\u00a0cookies de session\u00a0\u00bb. Ils sont automatiquement supprim\u00e9s \u00e0 la fin de votre visite. D&rsquo;autres cookies restent enregistr\u00e9s sur votre terminal jusqu&rsquo;\u00e0 ce que vous les supprimiez. Ces cookies nous permettent de reconna\u00eetre votre navigateur lors de votre prochaine visite.<\/p><p>Vous pouvez configurer votre navigateur de mani\u00e8re \u00e0 \u00eatre inform\u00e9 de l&rsquo;installation de cookies et \u00e0 n&rsquo;autoriser les cookies qu&rsquo;au cas par cas, \u00e0 exclure l&rsquo;acceptation de cookies dans certains cas ou de mani\u00e8re g\u00e9n\u00e9rale, et \u00e0 activer la suppression automatique des cookies \u00e0 la fermeture du navigateur. En cas de d\u00e9sactivation des cookies, la fonctionnalit\u00e9 de ce site web peut \u00eatre limit\u00e9e.<\/p><h2>Fichiers journaux du serveur<\/h2><p>Le fournisseur des pages collecte et enregistre automatiquement des informations dans ce que l&rsquo;on appelle des Server-Log Files, que votre navigateur nous transmet automatiquement. Il s&rsquo;agit de :<\/p><p>type et version du navigateur<br \/>syst\u00e8me d&rsquo;exploitation utilis\u00e9<br \/>URL de r\u00e9f\u00e9rence<br \/>Nom d&rsquo;h\u00f4te de l&rsquo;ordinateur qui acc\u00e8de au site<br \/>Heure de la demande du serveur<br \/>Ces donn\u00e9es ne peuvent pas \u00eatre attribu\u00e9es \u00e0 des personnes pr\u00e9cises. Nous ne proc\u00e9dons pas \u00e0 un regroupement de ces donn\u00e9es avec d&rsquo;autres sources de donn\u00e9es. Nous nous r\u00e9servons le droit de v\u00e9rifier ces donn\u00e9es ult\u00e9rieurement si nous avons connaissance d&rsquo;indices concrets d&rsquo;une utilisation ill\u00e9gale.<\/p><h2>Formulaire de contact<\/h2><p>Si vous nous faites parvenir des demandes par le biais du formulaire de contact, vos donn\u00e9es du formulaire de demande, y compris les donn\u00e9es de contact que vous y avez indiqu\u00e9es, sont enregistr\u00e9es chez nous \u00e0 des fins de traitement de la demande et en cas de questions de suivi. Nous ne transmettons pas ces donn\u00e9es sans votre consentement.<\/p><h2>D\u00e9claration de confidentialit\u00e9 pour Google reCAPTCHA<\/h2><p>Afin de garantir une s\u00e9curit\u00e9 suffisante des donn\u00e9es lors de la transmission de formulaires, nous utilisons dans certains cas le service reCAPTCHA de l&rsquo;entreprise Google Inc. Ce service sert avant tout \u00e0 distinguer les donn\u00e9es personnelles des donn\u00e9es personnelles.<\/p><h2>YouTube<\/h2><p><br \/>Notre site Internet utilise des plugins du site YouTube exploit\u00e9 par Google. L&rsquo;exploitant de ces pages est YouTube, LLC, 901 Cherry Ave., San Bruno, CA 94066, USA. Lorsque vous visitez l&rsquo;une de nos pages \u00e9quip\u00e9es d&rsquo;un plug-in YouTube, une connexion est \u00e9tablie avec les serveurs de YouTube. Le serveur Youtube est alors inform\u00e9 des pages que vous avez visit\u00e9es.<\/p><p>Si vous \u00eates connect\u00e9 \u00e0 votre compte YouTube, vous permettez \u00e0 YouTube d&rsquo;associer votre comportement de navigation directement \u00e0 votre profil personnel. Vous pouvez emp\u00eacher cela en vous d\u00e9connectant de votre compte YouTube.<\/p><p>Vous trouverez de plus amples informations sur le traitement des donn\u00e9es des utilisateurs dans la d\u00e9claration de confidentialit\u00e9 de YouTube \u00e0 l&rsquo;adresse suivante : https:\/\/www.google.de\/intl\/de\/policies\/privacy<\/p><h2>Droit \u00e0 l&rsquo;information, \u00e0 la suppression, au blocage<\/h2><p><br \/>Vous avez \u00e0 tout moment le droit d&rsquo;obtenir gratuitement des informations sur vos donn\u00e9es personnelles enregistr\u00e9es, sur leur origine et leur destinataire et sur la finalit\u00e9 du traitement des donn\u00e9es, ainsi qu&rsquo;un droit de rectification, de blocage ou de suppression de ces donn\u00e9es. Pour cela, ainsi que pour toute autre question relative aux donn\u00e9es personnelles, vous pouvez nous contacter \u00e0 tout moment \u00e0 l&rsquo;adresse indiqu\u00e9e dans les mentions l\u00e9gales.<\/p><h2>Opposition aux e-mails publicitaires<\/h2><p><br \/>L&rsquo;utilisation des donn\u00e9es de contact publi\u00e9es dans le cadre des mentions l\u00e9gales obligatoires pour l&rsquo;envoi de publicit\u00e9 et de mat\u00e9riel d&rsquo;information non express\u00e9ment demand\u00e9s est ici interdite. Les exploitants des pages se r\u00e9servent express\u00e9ment le droit d&rsquo;engager des poursuites judiciaires en cas d&rsquo;envoi non sollicit\u00e9 d&rsquo;informations publicitaires, par exemple par le biais de spams.<\/p><h2>Votre contact<\/h2><p><br \/>Alessandro Scarpello<br \/>Responsable de la protection des donn\u00e9es TALENTBR\u00dcCKE GmbH &amp; Co. KG<br \/>T\u00e9l\u00e9phone : +49 221 29233315<br \/>datenschutz[at]talentbruecke.de<\/p><p>Source : https:\/\/www.e-recht24.de\/muster-datenschutzerklaerung.html<\/p>\t\t\t\t\t\t<\/div>\n\t\t\t\t<\/div>\n\t\t\t\t\t<\/div>\n\t\t<\/div>\n\t\t\t\t\t\t\t<\/div>\n\t\t<\/section>\n\t\t\t\t<section class=\"elementor-section elementor-top-section elementor-element elementor-element-f4961f1 elementor-section-boxed elementor-section-height-default elementor-section-height-default\" data-id=\"f4961f1\" data-element_type=\"section\">\n\t\t\t\t\t\t<div class=\"elementor-container elementor-column-gap-default\">\n\t\t\t\t\t<div class=\"elementor-column elementor-col-100 elementor-top-column elementor-element elementor-element-8175e46\" data-id=\"8175e46\" data-element_type=\"column\">\n\t\t\t<div class=\"elementor-widget-wrap elementor-element-populated\">\n\t\t\t\t\t\t\t\t<section class=\"elementor-section elementor-inner-section elementor-element elementor-element-6e8fd63 elementor-section-boxed elementor-section-height-default elementor-section-height-default\" data-id=\"6e8fd63\" data-element_type=\"section\">\n\t\t\t\t\t\t<div class=\"elementor-container elementor-column-gap-default\">\n\t\t\t\t\t<div class=\"elementor-column elementor-col-50 elementor-inner-column elementor-element elementor-element-7d04372\" data-id=\"7d04372\" data-element_type=\"column\">\n\t\t\t<div class=\"elementor-widget-wrap elementor-element-populated\">\n\t\t\t\t\t\t\t\t<div class=\"elementor-element elementor-element-5dded92 elementor-widget elementor-widget-image\" data-id=\"5dded92\" data-element_type=\"widget\" data-widget_type=\"image.default\">\n\t\t\t\t<div class=\"elementor-widget-container\">\n\t\t\t<style>\/*! elementor - v3.12.2 - 23-04-2023 *\/\n.elementor-widget-image{text-align:center}.elementor-widget-image a{display:inline-block}.elementor-widget-image a img[src$=\".svg\"]{width:48px}.elementor-widget-image img{vertical-align:middle;display:inline-block}<\/style>\t\t\t\t\t\t\t\t\t\t\t\t<img loading=\"lazy\" decoding=\"async\" width=\"351\" height=\"76\" src=\"https:\/\/www.escape-elearning.eu\/wp-content\/uploads\/2021\/09\/logosbeneficaireserasmusright_de_0-1.png\" class=\"attachment-large size-large wp-image-20\" alt=\"\" srcset=\"https:\/\/www.escape-elearning.eu\/wp-content\/uploads\/2021\/09\/logosbeneficaireserasmusright_de_0-1.png 351w, https:\/\/www.escape-elearning.eu\/wp-content\/uploads\/2021\/09\/logosbeneficaireserasmusright_de_0-1-300x65.png 300w\" sizes=\"auto, (max-width: 351px) 100vw, 351px\" \/>\t\t\t\t\t\t\t\t\t\t\t\t\t\t\t<\/div>\n\t\t\t\t<\/div>\n\t\t\t\t\t<\/div>\n\t\t<\/div>\n\t\t\t\t<div class=\"elementor-column elementor-col-50 elementor-inner-column elementor-element elementor-element-b037394\" data-id=\"b037394\" data-element_type=\"column\">\n\t\t\t<div class=\"elementor-widget-wrap elementor-element-populated\">\n\t\t\t\t\t\t\t\t<div class=\"elementor-element elementor-element-63e1349 elementor-widget elementor-widget-text-editor\" data-id=\"63e1349\" data-element_type=\"widget\" data-widget_type=\"text-editor.default\">\n\t\t\t\t<div class=\"elementor-widget-container\">\n\t\t\t\t\t\t\t<span style=\"color: #0071b9; font-size: 14px;\">Financ\u00e9 par l\u2019Union europ\u00e9enne. Les points de vue et avis exprim\u00e9s n\u2019engagent toutefois que leur(s) auteur(s) et ne refl\u00e8tent pas n\u00e9cessairement ceux de l\u2019Union europ\u00e9enne ou de l\u2019Agence ex\u00e9cutive europ\u00e9enne pour l\u2019\u00e9ducation et la culture (EACEA). Ni l\u2019Union europ\u00e9enne ni l\u2019EACEA ne sauraient en \u00eatre tenues pour responsables.<\/span>\t\t\t\t\t\t<\/div>\n\t\t\t\t<\/div>\n\t\t\t\t\t<\/div>\n\t\t<\/div>\n\t\t\t\t\t\t\t<\/div>\n\t\t<\/section>\n\t\t\t\t\t<\/div>\n\t\t<\/div>\n\t\t\t\t\t\t\t<\/div>\n\t\t<\/section>\n\t\t\t\t\t\t\t<\/div>\n\t\t","protected":false},"excerpt":{"rendered":"<p>Protection des donn\u00e9es Les exploitants de ces pages prennent la protection de vos donn\u00e9es personnelles tr\u00e8s au s\u00e9rieux. Nous traitons vos donn\u00e9es personnellesde mani\u00e8re confidentielle et conform\u00e9ment aux dispositions l\u00e9gales en mati\u00e8re de protection des donn\u00e9es et \u00e0 la pr\u00e9sente d\u00e9claration de protection des donn\u00e9es. En r\u00e8gle g\u00e9n\u00e9rale, l&rsquo;utilisation de notre site web est possible [&hellip;]<\/p>\n","protected":false},"author":1,"featured_media":0,"parent":0,"menu_order":7,"comment_status":"closed","ping_status":"closed","template":"","meta":{"footnotes":""},"class_list":["post-1938","page","type-page","status-publish","hentry"],"_links":{"self":[{"href":"https:\/\/www.escape-elearning.eu\/fr\/wp-json\/wp\/v2\/pages\/1938","targetHints":{"allow":["GET"]}}],"collection":[{"href":"https:\/\/www.escape-elearning.eu\/fr\/wp-json\/wp\/v2\/pages"}],"about":[{"href":"https:\/\/www.escape-elearning.eu\/fr\/wp-json\/wp\/v2\/types\/page"}],"author":[{"embeddable":true,"href":"https:\/\/www.escape-elearning.eu\/fr\/wp-json\/wp\/v2\/users\/1"}],"replies":[{"embeddable":true,"href":"https:\/\/www.escape-elearning.eu\/fr\/wp-json\/wp\/v2\/comments?post=1938"}],"version-history":[{"count":10,"href":"https:\/\/www.escape-elearning.eu\/fr\/wp-json\/wp\/v2\/pages\/1938\/revisions"}],"predecessor-version":[{"id":2221,"href":"https:\/\/www.escape-elearning.eu\/fr\/wp-json\/wp\/v2\/pages\/1938\/revisions\/2221"}],"wp:attachment":[{"href":"https:\/\/www.escape-elearning.eu\/fr\/wp-json\/wp\/v2\/media?parent=1938"}],"curies":[{"name":"wp","href":"https:\/\/api.w.org\/{rel}","templated":true}]}}