{"id":1942,"date":"2021-09-24T16:52:03","date_gmt":"2021-09-24T14:52:03","guid":{"rendered":"https:\/\/www.escape-elearning.eu\/protezione-dei-dati\/"},"modified":"2023-05-05T09:42:13","modified_gmt":"2023-05-05T07:42:13","slug":"protezione-dei-dati","status":"publish","type":"page","link":"https:\/\/www.escape-elearning.eu\/it\/protezione-dei-dati\/","title":{"rendered":"Protezione dei dati"},"content":{"rendered":"\t\t<div data-elementor-type=\"wp-page\" data-elementor-id=\"1942\" class=\"elementor elementor-1942 elementor-46\">\n\t\t\t\t\t\t\t\t\t<section class=\"elementor-section elementor-top-section elementor-element elementor-element-4691c1ca elementor-section-boxed elementor-section-height-default elementor-section-height-default\" data-id=\"4691c1ca\" data-element_type=\"section\">\n\t\t\t\t\t\t<div class=\"elementor-container elementor-column-gap-default\">\n\t\t\t\t\t<div class=\"elementor-column elementor-col-100 elementor-top-column elementor-element elementor-element-4f45cd2b\" data-id=\"4f45cd2b\" data-element_type=\"column\">\n\t\t\t<div class=\"elementor-widget-wrap elementor-element-populated\">\n\t\t\t\t\t\t\t\t<div class=\"elementor-element elementor-element-6a10d3c elementor-widget elementor-widget-text-editor\" data-id=\"6a10d3c\" data-element_type=\"widget\" data-widget_type=\"text-editor.default\">\n\t\t\t\t<div class=\"elementor-widget-container\">\n\t\t\t<style>\/*! elementor - v3.12.2 - 23-04-2023 *\/\n.elementor-widget-text-editor.elementor-drop-cap-view-stacked .elementor-drop-cap{background-color:#69727d;color:#fff}.elementor-widget-text-editor.elementor-drop-cap-view-framed .elementor-drop-cap{color:#69727d;border:3px solid;background-color:transparent}.elementor-widget-text-editor:not(.elementor-drop-cap-view-default) .elementor-drop-cap{margin-top:8px}.elementor-widget-text-editor:not(.elementor-drop-cap-view-default) .elementor-drop-cap-letter{width:1em;height:1em}.elementor-widget-text-editor .elementor-drop-cap{float:left;text-align:center;line-height:1;font-size:50px}.elementor-widget-text-editor .elementor-drop-cap-letter{display:inline-block}<\/style>\t\t\t\t<h2>Protezione dei dati<\/h2><p><br \/>I gestori di queste pagine prendono molto sul serio la protezione dei vostri dati personali. Trattiamo i vostri dati personali in modo confidenziale<br \/>in modo confidenziale e in conformit\u00e0 alle norme di legge sulla protezione dei dati e alla presente dichiarazione sulla protezione dei dati.<\/p><p>Di norma, \u00e8 possibile utilizzare il nostro sito web senza fornire dati personali. Per quanto riguarda i nostri lati i dati personali<br \/>(ad es. nome, indirizzo o indirizzo e-mail) vengono raccolti sul nostro sito web, ci\u00f2 avviene sempre, per quanto possibile, su base volontaria. Questi dati non saranno trasmessi a terzi senza il vostro esplicito consenso.<\/p><p>Desideriamo sottolineare che la trasmissione di dati su Internet (ad esempio la comunicazione via e-mail) pu\u00f2 presentare lacune nella sicurezza. Non \u00e8 possibile proteggere completamente i dati dall&#8217;accesso di terzi.<\/p><h2>Cookies<\/h2><p><br \/>Alcune pagine Internet utilizzano i cosiddetti cookie. I cookie non danneggiano il vostro computer e non contengono virus. I cookie servono a rendere la nostra offerta pi\u00f9 facile da usare, pi\u00f9 efficace e pi\u00f9 sicura. I cookie sono piccoli file di testo che vengono memorizzati sul vostro computer e salvati dal vostro browser.<\/p><p>La maggior parte dei cookie che utilizziamo sono i cosiddetti &#8220;cookie di sessione&#8221;. Vengono cancellati automaticamente al termine della visita. Altri cookie rimangono memorizzati sul vostro dispositivo finale finch\u00e9 non li cancellate. Questi cookie ci consentono di riconoscere il vostro browser alla vostra prossima visita.<\/p><p>Potete impostare il vostro browser in modo da essere informati sull&#8217;impostazione dei cookie e consentire i cookie solo in singoli casi, escludere l&#8217;accettazione dei cookie per determinati casi o in generale e attivare la cancellazione automatica dei cookie alla chiusura del browser. Se disattivate i cookie, la funzionalit\u00e0 di questo sito web potrebbe essere limitata.<\/p><h2>File di log del server<\/h2><p><br \/>Il fornitore delle pagine raccoglie e memorizza automaticamente le informazioni nei cosiddetti file di log del server, che il vostro browser ci trasmette automaticamente. Si tratta di:<\/p><p>tipo e versione del browser<br \/>sistema operativo utilizzato<br \/>URL di riferimento<br \/>Nome host del computer di accesso<br \/>Ora della richiesta al server<br \/>Questi dati non possono essere assegnati a persone specifiche. Questi dati non vengono uniti ad altre fonti di dati. Ci riserviamo il diritto di controllare questi dati a posteriori se veniamo a conoscenza di indizi concreti di utilizzo illegale.<\/p><h2>Modulo di contatto<\/h2><p><br \/>Se ci inviate richieste tramite il modulo di contatto, i vostri dati del modulo di richiesta, compresi i dati di contatto da voi forniti, saranno da noi memorizzati per l&#8217;elaborazione della richiesta e in caso di domande successive. Non trasmettiamo questi dati senza il vostro consenso.<\/p><h2>Informativa sulla privacy per Google reCAPTCHA<\/h2><p><br \/>Per garantire una sufficiente sicurezza dei dati durante l&#8217;invio dei moduli, in alcuni casi utilizziamo il servizio reCAPTCHA di Google Inc. che serve principalmente a distinguere se l&#8217;inserimento \u00e8 stato effettuato da una persona fisica o impropriamente da una macchina e da un&#8217;elaborazione automatica. Il servizio comprende l&#8217;invio a Google dell&#8217;indirizzo IP e di qualsiasi altro dato richiesto da Google per il servizio reCAPTCHA. In questo caso si applicano le diverse norme sulla protezione dei dati di Google Inc. Ulteriori informazioni sulle linee guida sulla protezione dei dati di Google Inc. sono disponibili su http:\/\/www.google.de\/intl\/de\/privacy o https:\/\/www.google.com\/intl\/de\/policies\/privacy\/.<\/p><h2>YouTube<\/h2><p><br \/>Il nostro sito web utilizza i plugin del sito YouTube gestito da Google. Il gestore del sito \u00e8 YouTube, LLC, 901 Cherry Ave, San Bruno, CA 94066, USA. Quando visitate una delle nostre pagine dotate di un plugin di YouTube, viene stabilita una connessione ai server di YouTube. Questo comunica al server di YouTube quali delle nostre pagine avete visitato.<\/p><p>Se siete connessi al vostro account YouTube, consentite a YouTube di assegnare il vostro comportamento di navigazione direttamente al vostro profilo personale. \u00c8 possibile evitare che ci\u00f2 avvenga disconnettendosi dal proprio account YouTube.<\/p><p>Ulteriori informazioni sul trattamento dei dati degli utenti sono disponibili nell&#8217;informativa sulla privacy di YouTube all&#8217;indirizzo: https:\/\/www.google.de\/intl\/de\/policies\/privacy.<\/p><h2>Diritto all&#8217;informazione, alla cancellazione, al blocco<\/h2><p><br \/>L&#8217;utente ha il diritto di ottenere in qualsiasi momento informazioni gratuite sui propri dati personali memorizzati, sulla loro origine e sul loro destinatario e sullo scopo del trattamento dei dati, nonch\u00e9 il diritto di correggere, bloccare o cancellare tali dati. Potete contattarci in qualsiasi momento all&#8217;indirizzo indicato nell&#8217;imprinting per questo scopo e per ulteriori domande sul tema dei dati personali.<\/p><h2>Obiezione alle mail pubblicitarie<\/h2><p><br \/>\u00c8 vietato l&#8217;utilizzo dei dati di contatto pubblicati nell&#8217;ambito dell&#8217;obbligo di imprinting per l&#8217;invio di materiale pubblicitario e informativo non richiesto. I gestori di queste pagine si riservano espressamente il diritto di intraprendere azioni legali in caso di invio non richiesto di informazioni pubblicitarie, ad esempio tramite e-mail di spam.<\/p><h2>Il vostro contatto<\/h2><p><br \/>Alessandro Scarpello<br \/>Responsabile della protezione dei dati TALENTBR\u00dcCKE GmbH &amp; Co. KG<br \/>Telefono: +49 221 29233315<br \/>protezione dati[at]talentbruecke.de<\/p><p>Fonte: https:\/\/www.e-recht24.de\/muster-datenschutzerklaerung.html<\/p>\t\t\t\t\t\t<\/div>\n\t\t\t\t<\/div>\n\t\t\t\t\t<\/div>\n\t\t<\/div>\n\t\t\t\t\t\t\t<\/div>\n\t\t<\/section>\n\t\t\t\t<section class=\"elementor-section elementor-top-section elementor-element elementor-element-f4961f1 elementor-section-boxed elementor-section-height-default elementor-section-height-default\" data-id=\"f4961f1\" data-element_type=\"section\">\n\t\t\t\t\t\t<div class=\"elementor-container elementor-column-gap-default\">\n\t\t\t\t\t<div class=\"elementor-column elementor-col-100 elementor-top-column elementor-element elementor-element-8175e46\" data-id=\"8175e46\" data-element_type=\"column\">\n\t\t\t<div class=\"elementor-widget-wrap elementor-element-populated\">\n\t\t\t\t\t\t\t\t<section class=\"elementor-section elementor-inner-section elementor-element elementor-element-6e8fd63 elementor-section-boxed elementor-section-height-default elementor-section-height-default\" data-id=\"6e8fd63\" data-element_type=\"section\">\n\t\t\t\t\t\t<div class=\"elementor-container elementor-column-gap-default\">\n\t\t\t\t\t<div class=\"elementor-column elementor-col-50 elementor-inner-column elementor-element elementor-element-7d04372\" data-id=\"7d04372\" data-element_type=\"column\">\n\t\t\t<div class=\"elementor-widget-wrap elementor-element-populated\">\n\t\t\t\t\t\t\t\t<div class=\"elementor-element elementor-element-5dded92 elementor-widget elementor-widget-image\" data-id=\"5dded92\" data-element_type=\"widget\" data-widget_type=\"image.default\">\n\t\t\t\t<div class=\"elementor-widget-container\">\n\t\t\t<style>\/*! elementor - v3.12.2 - 23-04-2023 *\/\n.elementor-widget-image{text-align:center}.elementor-widget-image a{display:inline-block}.elementor-widget-image a img[src$=\".svg\"]{width:48px}.elementor-widget-image img{vertical-align:middle;display:inline-block}<\/style>\t\t\t\t\t\t\t\t\t\t\t\t<img loading=\"lazy\" decoding=\"async\" width=\"351\" height=\"76\" src=\"https:\/\/www.escape-elearning.eu\/wp-content\/uploads\/2021\/09\/logosbeneficaireserasmusright_de_0-1.png\" class=\"attachment-large size-large wp-image-20\" alt=\"\" srcset=\"https:\/\/www.escape-elearning.eu\/wp-content\/uploads\/2021\/09\/logosbeneficaireserasmusright_de_0-1.png 351w, https:\/\/www.escape-elearning.eu\/wp-content\/uploads\/2021\/09\/logosbeneficaireserasmusright_de_0-1-300x65.png 300w\" sizes=\"auto, (max-width: 351px) 100vw, 351px\" \/>\t\t\t\t\t\t\t\t\t\t\t\t\t\t\t<\/div>\n\t\t\t\t<\/div>\n\t\t\t\t\t<\/div>\n\t\t<\/div>\n\t\t\t\t<div class=\"elementor-column elementor-col-50 elementor-inner-column elementor-element elementor-element-b037394\" data-id=\"b037394\" data-element_type=\"column\">\n\t\t\t<div class=\"elementor-widget-wrap elementor-element-populated\">\n\t\t\t\t\t\t\t\t<div class=\"elementor-element elementor-element-63e1349 elementor-widget elementor-widget-text-editor\" data-id=\"63e1349\" data-element_type=\"widget\" data-widget_type=\"text-editor.default\">\n\t\t\t\t<div class=\"elementor-widget-container\">\n\t\t\t\t\t\t\t<span style=\"color: #0071b9; font-size: 14px;\">Finanziato dall&#8217;Unione europea. Le opinioni espresse appartengono, tuttavia, al solo o ai soli autori e non riflettono necessariamente le opinioni dell&#8217;Unione europea o dell\u2019Agenzia esecutiva europea per l\u2019istruzione e la cultura (EACEA). N\u00e9 l&#8217;Unione europea n\u00e9 l&#8217;EACEA possono esserne ritenute responsabili.<\/span>\t\t\t\t\t\t<\/div>\n\t\t\t\t<\/div>\n\t\t\t\t\t<\/div>\n\t\t<\/div>\n\t\t\t\t\t\t\t<\/div>\n\t\t<\/section>\n\t\t\t\t\t<\/div>\n\t\t<\/div>\n\t\t\t\t\t\t\t<\/div>\n\t\t<\/section>\n\t\t\t\t\t\t\t<\/div>\n\t\t","protected":false},"excerpt":{"rendered":"<p>Protezione dei dati I gestori di queste pagine prendono molto sul serio la protezione dei vostri dati personali. Trattiamo i vostri dati personali in modo confidenzialein modo confidenziale e in conformit\u00e0 alle norme di legge sulla protezione dei dati e alla presente dichiarazione sulla protezione dei dati. Di norma, \u00e8 possibile utilizzare il nostro sito [&hellip;]<\/p>\n","protected":false},"author":1,"featured_media":0,"parent":0,"menu_order":7,"comment_status":"closed","ping_status":"closed","template":"","meta":{"footnotes":""},"class_list":["post-1942","page","type-page","status-publish","hentry"],"_links":{"self":[{"href":"https:\/\/www.escape-elearning.eu\/it\/wp-json\/wp\/v2\/pages\/1942","targetHints":{"allow":["GET"]}}],"collection":[{"href":"https:\/\/www.escape-elearning.eu\/it\/wp-json\/wp\/v2\/pages"}],"about":[{"href":"https:\/\/www.escape-elearning.eu\/it\/wp-json\/wp\/v2\/types\/page"}],"author":[{"embeddable":true,"href":"https:\/\/www.escape-elearning.eu\/it\/wp-json\/wp\/v2\/users\/1"}],"replies":[{"embeddable":true,"href":"https:\/\/www.escape-elearning.eu\/it\/wp-json\/wp\/v2\/comments?post=1942"}],"version-history":[{"count":9,"href":"https:\/\/www.escape-elearning.eu\/it\/wp-json\/wp\/v2\/pages\/1942\/revisions"}],"predecessor-version":[{"id":2224,"href":"https:\/\/www.escape-elearning.eu\/it\/wp-json\/wp\/v2\/pages\/1942\/revisions\/2224"}],"wp:attachment":[{"href":"https:\/\/www.escape-elearning.eu\/it\/wp-json\/wp\/v2\/media?parent=1942"}],"curies":[{"name":"wp","href":"https:\/\/api.w.org\/{rel}","templated":true}]}}